{"id":524,"date":"2016-09-21T13:06:13","date_gmt":"2016-09-21T13:06:13","guid":{"rendered":"https:\/\/werkstatt.wpthemestudios.com\/werkstatt-text-style\/?page_id=218"},"modified":"2025-03-29T23:59:45","modified_gmt":"2025-03-29T23:59:45","slug":"contacto","status":"publish","type":"page","link":"https:\/\/uxflow.cl\/Demos\/contacto\/","title":{"rendered":"Contacto"},"content":{"rendered":"<div class=\"wpb-content-wrapper\">[vc_row thb_divider_position=&#8221;bottom&#8221; el_class=&#8221;align-center&#8221; css=&#8221;.vc_custom_1474474645883{padding-top: 10vh !important;padding-bottom: 10vh !important;}&#8221;][vc_column offset=&#8221;vc_col-lg-10 vc_col-md-12&#8243;][vc_empty_space][vc_custom_heading source=&#8221;post_title&#8221; font_container=&#8221;tag:h1|text_align:left&#8221; google_fonts=&#8221;font_family:Noto%20Sans%3Aregular%2Citalic%2C700%2C700italic|font_style:700%20bold%20regular%3A700%3Anormal&#8221; css=&#8221;&#8221;][vc_empty_space][vc_row_inner][vc_column_inner width=&#8221;1\/4&#8243;][vc_column_text css=&#8221;.vc_custom_1743292066882{border-bottom-width: 2px !important;padding-bottom: 30px !important;border-bottom-style: solid !important;border-color: #f4f4f4 !important;}&#8221;]<strong>Nuestra Ubicaci\u00f3n<\/strong><\/p>\n<p style=\"font-size: 14px;\">Ac\u00e1 Va la Direcci\u00f3n y los Tel\u00e9fonos de Contacto<\/p>\n[\/vc_column_text][vc_column_text css=&#8221;.vc_custom_1743292303759{border-bottom-width: 2px !important;padding-bottom: 30px !important;border-bottom-style: solid !important;border-color: #f4f4f4 !important;}&#8221;]<strong>Trabaja con Nosotros<\/strong><\/p>\n<p style=\"font-size: 14px;\">Envianos tu CV y bla bla<\/p>\n<p style=\"font-size: 14px;\"><a href=\"#\">carreras@brandfactory.cl<\/a><\/p>\n[\/vc_column_text][\/vc_column_inner][vc_column_inner width=&#8221;3\/4&#8243; css=&#8221;.vc_custom_1474478996357{padding-left: 5% !important;}&#8221;]\n<div class=\"wpcf7 no-js\" id=\"wpcf7-f911-o1\" lang=\"es-ES\" dir=\"ltr\" data-wpcf7-id=\"911\">\n<div class=\"screen-reader-response\"><p role=\"status\" aria-live=\"polite\" aria-atomic=\"true\"><\/p> <ul><\/ul><\/div>\n<form action=\"\/Demos\/wp-json\/wp\/v2\/pages\/524#wpcf7-f911-o1\" method=\"post\" class=\"wpcf7-form init\" aria-label=\"Formulario de contacto\" novalidate=\"novalidate\" data-status=\"init\">\n<div style=\"display: none;\">\n<input type=\"hidden\" name=\"_wpcf7\" value=\"911\" \/>\n<input type=\"hidden\" name=\"_wpcf7_version\" value=\"6.0.5\" \/>\n<input type=\"hidden\" name=\"_wpcf7_locale\" value=\"es_ES\" \/>\n<input type=\"hidden\" name=\"_wpcf7_unit_tag\" value=\"wpcf7-f911-o1\" \/>\n<input type=\"hidden\" name=\"_wpcf7_container_post\" value=\"0\" \/>\n<input type=\"hidden\" name=\"_wpcf7_posted_data_hash\" value=\"\" \/>\n<\/div>\n<p><label> Tu nombre<br \/>\n<span class=\"wpcf7-form-control-wrap\" data-name=\"your-name\"><input size=\"40\" maxlength=\"400\" class=\"wpcf7-form-control wpcf7-text wpcf7-validates-as-required\" autocomplete=\"name\" aria-required=\"true\" aria-invalid=\"false\" value=\"\" type=\"text\" name=\"your-name\" \/><\/span> <\/label>\n<\/p>\n<p><label> Tu correo electr\u00f3nico<br \/>\n<span class=\"wpcf7-form-control-wrap\" data-name=\"your-email\"><input size=\"40\" maxlength=\"400\" class=\"wpcf7-form-control wpcf7-email wpcf7-validates-as-required wpcf7-text wpcf7-validates-as-email\" autocomplete=\"email\" aria-required=\"true\" aria-invalid=\"false\" value=\"\" type=\"email\" name=\"your-email\" \/><\/span> <\/label>\n<\/p>\n<p><label> Asunto<br \/>\n<span class=\"wpcf7-form-control-wrap\" data-name=\"your-subject\"><input size=\"40\" maxlength=\"400\" class=\"wpcf7-form-control wpcf7-text wpcf7-validates-as-required\" aria-required=\"true\" aria-invalid=\"false\" value=\"\" type=\"text\" name=\"your-subject\" \/><\/span> <\/label>\n<\/p>\n<p><label> Tu mensaje (opcional)<br \/>\n<span class=\"wpcf7-form-control-wrap\" data-name=\"your-message\"><textarea cols=\"40\" rows=\"10\" maxlength=\"2000\" class=\"wpcf7-form-control wpcf7-textarea\" aria-invalid=\"false\" name=\"your-message\"><\/textarea><\/span> <\/label>\n<\/p>\n<p><input class=\"wpcf7-form-control wpcf7-submit has-spinner\" type=\"submit\" value=\"Enviar\" \/>\n<\/p><div class=\"wpcf7-response-output\" aria-hidden=\"true\"><\/div>\n<\/form>\n<\/div>\n[\/vc_column_inner][\/vc_row_inner][\/vc_column][\/vc_row][vc_row thb_divider_position=&#8221;bottom&#8221;][vc_column][\/vc_column][\/vc_row]\n<\/div>","protected":false},"excerpt":{"rendered":"<p>[vc_row thb_divider_position=&#8221;bottom&#8221; el_class=&#8221;align-center&#8221; css=&#8221;.vc_custom_1474474645883{padding-top: 10vh !important;padding-bottom: 10vh !important;}&#8221;][vc_column offset=&#8221;vc_col-lg-10 vc_col-md-12&#8243;][vc_empty_space][vc_custom_heading source=&#8221;post_title&#8221; font_container=&#8221;tag:h1|text_align:left&#8221; google_fonts=&#8221;font_family:Noto%20Sans%3Aregular%2Citalic%2C700%2C700italic|font_style:700%20bold%20regular%3A700%3Anormal&#8221; css=&#8221;&#8221;][vc_empty_space][vc_row_inner][vc_column_inner width=&#8221;1\/4&#8243;][vc_column_text css=&#8221;.vc_custom_1743292066882{border-bottom-width: 2px !important;padding-bottom: 30px !important;border-bottom-style: solid !important;border-color: #f4f4f4 !important;}&#8221;]Nuestra Ubicaci\u00f3n Ac\u00e1 Va la Direcci\u00f3n y los Tel\u00e9fonos de Contacto [\/vc_column_text][vc_column_text css=&#8221;.vc_custom_1743292303759{border-bottom-width: 2px !important;padding-bottom: 30px !important;border-bottom-style: solid !important;border-color: #f4f4f4 !important;}&#8221;]Trabaja con Nosotros Envianos tu CV y bla bla carreras@brandfactory.cl [\/vc_column_text][\/vc_column_inner][vc_column_inner width=&#8221;3\/4&#8243;&hellip;<\/p>\n","protected":false},"author":1,"featured_media":0,"parent":0,"menu_order":0,"comment_status":"closed","ping_status":"closed","template":"","meta":{"pagelayer_contact_templates":[],"_pagelayer_content":"","footnotes":""},"class_list":["post-524","page","type-page","status-publish","hentry"],"_links":{"self":[{"href":"https:\/\/uxflow.cl\/Demos\/wp-json\/wp\/v2\/pages\/524","targetHints":{"allow":["GET"]}}],"collection":[{"href":"https:\/\/uxflow.cl\/Demos\/wp-json\/wp\/v2\/pages"}],"about":[{"href":"https:\/\/uxflow.cl\/Demos\/wp-json\/wp\/v2\/types\/page"}],"author":[{"embeddable":true,"href":"https:\/\/uxflow.cl\/Demos\/wp-json\/wp\/v2\/users\/1"}],"replies":[{"embeddable":true,"href":"https:\/\/uxflow.cl\/Demos\/wp-json\/wp\/v2\/comments?post=524"}],"version-history":[{"count":10,"href":"https:\/\/uxflow.cl\/Demos\/wp-json\/wp\/v2\/pages\/524\/revisions"}],"predecessor-version":[{"id":912,"href":"https:\/\/uxflow.cl\/Demos\/wp-json\/wp\/v2\/pages\/524\/revisions\/912"}],"wp:attachment":[{"href":"https:\/\/uxflow.cl\/Demos\/wp-json\/wp\/v2\/media?parent=524"}],"curies":[{"name":"wp","href":"https:\/\/api.w.org\/{rel}","templated":true}]}}