{"id":1032,"date":"2025-03-14T16:52:18","date_gmt":"2025-03-14T16:52:18","guid":{"rendered":"https:\/\/uxflow.cl\/Demos\/?page_id=1032"},"modified":"2025-06-07T22:25:35","modified_gmt":"2025-06-07T22:25:35","slug":"consultora","status":"publish","type":"page","link":"https:\/\/uxflow.cl\/Demos\/consultora\/","title":{"rendered":"Consultora"},"content":{"rendered":"<div class=\"wpb-content-wrapper\">[vc_row thb_divider_position=&#8221;bottom&#8221; el_class=&#8221;align-center&#8221; css=&#8221;.vc_custom_1474306346779{padding-top: 120px !important;padding-bottom: 30px !important;}&#8221;][vc_column offset=&#8221;vc_col-lg-7 vc_col-md-9&#8243;]\t<div id=\"thb-fadetype-71\" class=\"thb-fadetype  thb-fadetype-style1\">\n\t\t\t\t\t\t<h1 style=\"text-align: left;\"><div class=\"thb-fadetype-entry\">Somos una consultora<BR>\nde construcci\u00f3n \nde marca<\/div><\/h1>\t\t<\/div>\n\t[\/vc_column][\/vc_row][vc_row thb_divider_position=&#8221;bottom&#8221; css=&#8221;.vc_custom_1742378576374{background-image: url(https:\/\/uxflow.cl\/Demos\/wp-content\/uploads\/2025\/03\/barra-agencia.png?id=1252) !important;}&#8221;][vc_column]\t<div id=\"thb-image-69f2778ab10ea\" class=\"caption-style1  alignleft   thb_image_link wp-caption\">\n\t\t\t<div class=\"thb-image-inner size_100\">\n\t\t\t<img loading=\"lazy\" decoding=\"async\" width=\"1738\" height=\"382\" src=\"https:\/\/uxflow.cl\/Demos\/wp-content\/uploads\/2025\/03\/barra-agencia.png\" class=\"thb_image   thb-ignore-lazyload attachment-full thb-lazyload lazyload\" alt=\"\" title=\"barra-agencia\" sizes=\"auto, (max-width: 1738px) 100vw, 1738px\" data-src=\"https:\/\/uxflow.cl\/Demos\/wp-content\/uploads\/2025\/03\/barra-agencia.png\" data-sizes=\"auto\" data-srcset=\"https:\/\/uxflow.cl\/Demos\/wp-content\/uploads\/2025\/03\/barra-agencia.png 1738w, https:\/\/uxflow.cl\/Demos\/wp-content\/uploads\/2025\/03\/barra-agencia-1024x225.png 1024w, https:\/\/uxflow.cl\/Demos\/wp-content\/uploads\/2025\/03\/barra-agencia-768x169.png 768w, https:\/\/uxflow.cl\/Demos\/wp-content\/uploads\/2025\/03\/barra-agencia-1536x338.png 1536w, https:\/\/uxflow.cl\/Demos\/wp-content\/uploads\/2025\/03\/barra-agencia-640x141.png 640w, https:\/\/uxflow.cl\/Demos\/wp-content\/uploads\/2025\/03\/barra-agencia-320x70.png 320w, https:\/\/uxflow.cl\/Demos\/wp-content\/uploads\/2025\/03\/barra-agencia-1280x281.png 1280w, https:\/\/uxflow.cl\/Demos\/wp-content\/uploads\/2025\/03\/barra-agencia-20x4.png 20w\" \/>\n\t\t<\/div>\n\t\t\t\t\t<\/div>\n\t[\/vc_column][\/vc_row][vc_row thb_divider_position=&#8221;bottom&#8221; el_class=&#8221;align-center&#8221; css=&#8221;.vc_custom_1474624365002{padding-top: 4% !important;padding-bottom: 4% !important;}&#8221;][vc_column offset=&#8221;vc_col-lg-7 vc_col-md-9&#8243;][vc_column_text css=&#8221;&#8221;]Colaboramos con las empresas no solo para construir marca, tambi\u00e9n para que su cultura la viva, las sienta y la proyecte.<\/p>\n<p>Nuestras metodolog\u00edas son modulares y flexibles, pueden adaptarse a cualquier marca, sin importar su tama\u00f1o o etapa de desarrollo, asegurando que todas las compa\u00f1\u00edas, independientemente de su naturaleza, puedan acceder a las herramientas necesarias para crecer y diferenciarse en su mercado.<\/p>\n<p>&nbsp;<\/p>\n<p><img loading=\"lazy\" decoding=\"async\" class=\"alignnone wp-image-1533 size-full lazyload\" src=\"data:image\/gif;base64,R0lGODlhAQABAAAAACH5BAEKAAEALAAAAAABAAEAAAICTAEAOw==\" data-src=\"https:\/\/uxflow.cl\/Demos\/wp-content\/uploads\/2025\/05\/BF-BUILDING-HOME-1.png\" alt=\"\" width=\"287\" height=\"61\" \/><\/p>\n<p>Desarrollamos un proceso de construcci\u00f3n de marca de forma hol\u00edstica y con una metodolog\u00eda propia, donde dise\u00f1amos la marca desde su ADN hasta su expresi\u00f3n en toda la comunicaci\u00f3n<\/p>\n<p><b><img loading=\"lazy\" decoding=\"async\" class=\"alignnone wp-image-1538 size-full lazyload\" src=\"data:image\/gif;base64,R0lGODlhAQABAAAAACH5BAEKAAEALAAAAAABAAEAAAICTAEAOw==\" data-src=\"https:\/\/uxflow.cl\/Demos\/wp-content\/uploads\/2025\/05\/BF-Building-redbox.png\" alt=\"\" width=\"1113\" height=\"283\" data-sizes=\"auto\" data-srcset=\"https:\/\/uxflow.cl\/Demos\/wp-content\/uploads\/2025\/05\/BF-Building-redbox.png 1113w, https:\/\/uxflow.cl\/Demos\/wp-content\/uploads\/2025\/05\/BF-Building-redbox-1024x260.png 1024w, https:\/\/uxflow.cl\/Demos\/wp-content\/uploads\/2025\/05\/BF-Building-redbox-768x195.png 768w, https:\/\/uxflow.cl\/Demos\/wp-content\/uploads\/2025\/05\/BF-Building-redbox-640x163.png 640w, https:\/\/uxflow.cl\/Demos\/wp-content\/uploads\/2025\/05\/BF-Building-redbox-320x81.png 320w, https:\/\/uxflow.cl\/Demos\/wp-content\/uploads\/2025\/05\/BF-Building-redbox-20x5.png 20w\" sizes=\"auto, (max-width: 1113px) 100vw, 1113px\" \/><\/b><\/p>\n<p>&nbsp;<\/p>\n<p><b><img loading=\"lazy\" decoding=\"async\" class=\"alignnone wp-image-1532 size-full lazyload\" src=\"data:image\/gif;base64,R0lGODlhAQABAAAAACH5BAEKAAEALAAAAAABAAEAAAICTAEAOw==\" data-src=\"https:\/\/uxflow.cl\/Demos\/wp-content\/uploads\/2025\/05\/BF-PEOPLE-HOME.png\" alt=\"\" width=\"287\" height=\"61\" data-sizes=\"auto\" data-srcset=\"https:\/\/uxflow.cl\/Demos\/wp-content\/uploads\/2025\/05\/BF-PEOPLE-HOME.png 499w, https:\/\/uxflow.cl\/Demos\/wp-content\/uploads\/2025\/05\/BF-PEOPLE-HOME-20x4.png 20w\" sizes=\"auto, (max-width: 287px) 100vw, 287px\" \/><\/b><\/p>\n<p><strong>Desbloqueamos el camino que conecta tu prop\u00f3sito, la estrategia del negocio y tu cultura corporativa.<\/strong> Desarrollando una estrategia organizacional que te ayuda a potenciar la construcci\u00f3n de una cultura saludable y orientada a los resultados.<\/p>\n<p><b><img loading=\"lazy\" decoding=\"async\" class=\"alignnone wp-image-1537 size-full lazyload\" src=\"data:image\/gif;base64,R0lGODlhAQABAAAAACH5BAEKAAEALAAAAAABAAEAAAICTAEAOw==\" data-src=\"https:\/\/uxflow.cl\/Demos\/wp-content\/uploads\/2025\/05\/BF-peopple-Black.png\" alt=\"\" width=\"1417\" height=\"397\" data-sizes=\"auto\" data-srcset=\"https:\/\/uxflow.cl\/Demos\/wp-content\/uploads\/2025\/05\/BF-peopple-Black.png 1417w, https:\/\/uxflow.cl\/Demos\/wp-content\/uploads\/2025\/05\/BF-peopple-Black-1024x287.png 1024w, https:\/\/uxflow.cl\/Demos\/wp-content\/uploads\/2025\/05\/BF-peopple-Black-768x215.png 768w, https:\/\/uxflow.cl\/Demos\/wp-content\/uploads\/2025\/05\/BF-peopple-Black-640x179.png 640w, https:\/\/uxflow.cl\/Demos\/wp-content\/uploads\/2025\/05\/BF-peopple-Black-320x90.png 320w, https:\/\/uxflow.cl\/Demos\/wp-content\/uploads\/2025\/05\/BF-peopple-Black-1280x359.png 1280w, https:\/\/uxflow.cl\/Demos\/wp-content\/uploads\/2025\/05\/BF-peopple-Black-20x6.png 20w\" sizes=\"auto, (max-width: 1417px) 100vw, 1417px\" \/><\/b><\/p>\n<p>&nbsp;<\/p>\n<p><b><img loading=\"lazy\" decoding=\"async\" class=\"alignnone wp-image-1530  lazyload\" src=\"data:image\/gif;base64,R0lGODlhAQABAAAAACH5BAEKAAEALAAAAAABAAEAAAICTAEAOw==\" data-src=\"https:\/\/uxflow.cl\/Demos\/wp-content\/uploads\/2025\/05\/BF-CREATIVE-HOME.png\" alt=\"\" width=\"287\" height=\"61\" data-sizes=\"auto\" data-srcset=\"https:\/\/uxflow.cl\/Demos\/wp-content\/uploads\/2025\/05\/BF-CREATIVE-HOME.png 498w, https:\/\/uxflow.cl\/Demos\/wp-content\/uploads\/2025\/05\/BF-CREATIVE-HOME-20x4.png 20w\" sizes=\"auto, (max-width: 287px) 100vw, 287px\" \/><\/b><\/p>\n<p><strong>Hacemos creatividad creando un foco \u00fanico entre la marca y el negocio.<\/strong> Conectamos nuestra capacidad creativa a los objetivos comerciales, en una metodolog\u00eda growth para garantizar el crecimiento y escalabilidad de tu negocio.<\/p>\n<p><img loading=\"lazy\" decoding=\"async\" class=\"alignnone wp-image-1535 size-full lazyload\" src=\"data:image\/gif;base64,R0lGODlhAQABAAAAACH5BAEKAAEALAAAAAABAAEAAAICTAEAOw==\" data-src=\"https:\/\/uxflow.cl\/Demos\/wp-content\/uploads\/2025\/05\/BF-Creative-black.png\" alt=\"\" width=\"1400\" height=\"970\" data-sizes=\"auto\" data-srcset=\"https:\/\/uxflow.cl\/Demos\/wp-content\/uploads\/2025\/05\/BF-Creative-black.png 1400w, https:\/\/uxflow.cl\/Demos\/wp-content\/uploads\/2025\/05\/BF-Creative-black-1024x709.png 1024w, https:\/\/uxflow.cl\/Demos\/wp-content\/uploads\/2025\/05\/BF-Creative-black-768x532.png 768w, https:\/\/uxflow.cl\/Demos\/wp-content\/uploads\/2025\/05\/BF-Creative-black-640x443.png 640w, https:\/\/uxflow.cl\/Demos\/wp-content\/uploads\/2025\/05\/BF-Creative-black-320x222.png 320w, https:\/\/uxflow.cl\/Demos\/wp-content\/uploads\/2025\/05\/BF-Creative-black-1280x887.png 1280w, https:\/\/uxflow.cl\/Demos\/wp-content\/uploads\/2025\/05\/BF-Creative-black-20x15.png 20w\" sizes=\"auto, (max-width: 1400px) 100vw, 1400px\" \/>[\/vc_column_text][\/vc_column][\/vc_row][vc_row thb_divider_position=&#8221;bottom&#8221; el_class=&#8221;align-center&#8221;][vc_column offset=&#8221;vc_col-lg-7 vc_col-md-9&#8243;][vc_column_text css=&#8221;&#8221;]\n<h4>Nuestro equipo<\/h4>\n<p>Un equipo de expertos trabaja junto al cliente en todas las etapas, desde la investigaci\u00f3n hasta la ejecuci\u00f3n<br \/>\nfinal, garantizando que cada proyecto sea personalizado seg\u00fan las necesidades espec\u00edficas.[\/vc_column_text][\/vc_column][\/vc_row][vc_row thb_divider_position=&#8221;bottom&#8221; el_class=&#8221;align-center&#8221;][vc_column offset=&#8221;vc_col-lg-7 vc_col-md-9&#8243;][vc_column_text css=&#8221;&#8221;]\n<h4>Clientes<\/h4>\n<p>Hemos trabajado con empresas de distintos tama\u00f1os y rubros, entregando soluciones a medida y con resultados. Cada proyecto es una oportunidad para crecer junto a nuestros clientes.[\/vc_column_text][\/vc_column][\/vc_row][vc_row thb_divider_position=&#8221;bottom&#8221; el_class=&#8221;align-center&#8221; css=&#8221;.vc_custom_1474306215627{padding-bottom: 7% !important;}&#8221;][vc_column offset=&#8221;vc_col-lg-10 vc_col-md-12&#8243;]\t<div id=\"thb-client-logos-66\" class=\"thb-client-row  \">\n\t\t<div class=\"row no-padding thb-client-carousel  style1\" data-columns=\"small-6 large-3\" data-center=\"true\" data-navigation=\"true\" data-autoplay=\"\" data-autoplay-speed=\"4000\">\n\t\t\t\t<div class=\"has-link thb-client small-6 large-3 columns \" style=\"border-color: #f0f0f0\">\n\t\t\t\t\t<a href=\"#\" target=\"_blank\"><img loading=\"lazy\" decoding=\"async\" width=\"900\" height=\"600\" src=\"data:image\/gif;base64,R0lGODlhAQABAAAAACH5BAEKAAEALAAAAAABAAEAAAICTAEAOw==\" class=\"attachment-full size-full thb-lazyload lazyload\" alt=\"\" sizes=\"auto, (max-width: 900px) 100vw, 900px\" data-src=\"https:\/\/uxflow.cl\/Demos\/wp-content\/uploads\/2025\/05\/isalud.png\" data-sizes=\"auto\" data-srcset=\"https:\/\/uxflow.cl\/Demos\/wp-content\/uploads\/2025\/05\/isalud.png 900w, https:\/\/uxflow.cl\/Demos\/wp-content\/uploads\/2025\/05\/isalud-768x512.png 768w, https:\/\/uxflow.cl\/Demos\/wp-content\/uploads\/2025\/05\/isalud-640x427.png 640w, https:\/\/uxflow.cl\/Demos\/wp-content\/uploads\/2025\/05\/isalud-20x13.png 20w, https:\/\/uxflow.cl\/Demos\/wp-content\/uploads\/2025\/05\/isalud-320x213.png 320w\" \/><\/a>\n\t\t\t<\/div>\n\t\t<div class=\"has-link thb-client small-6 large-3 columns \" style=\"border-color: #f0f0f0\">\n\t\t\t\t\t<a href=\"#\" target=\"_blank\"><img loading=\"lazy\" decoding=\"async\" width=\"900\" height=\"600\" src=\"data:image\/gif;base64,R0lGODlhAQABAAAAACH5BAEKAAEALAAAAAABAAEAAAICTAEAOw==\" class=\"attachment-full size-full thb-lazyload lazyload\" alt=\"\" sizes=\"auto, (max-width: 900px) 100vw, 900px\" data-src=\"https:\/\/uxflow.cl\/Demos\/wp-content\/uploads\/2025\/05\/emasa.png\" data-sizes=\"auto\" data-srcset=\"https:\/\/uxflow.cl\/Demos\/wp-content\/uploads\/2025\/05\/emasa.png 900w, https:\/\/uxflow.cl\/Demos\/wp-content\/uploads\/2025\/05\/emasa-768x512.png 768w, https:\/\/uxflow.cl\/Demos\/wp-content\/uploads\/2025\/05\/emasa-640x427.png 640w, https:\/\/uxflow.cl\/Demos\/wp-content\/uploads\/2025\/05\/emasa-20x13.png 20w, https:\/\/uxflow.cl\/Demos\/wp-content\/uploads\/2025\/05\/emasa-320x213.png 320w\" \/><\/a>\n\t\t\t<\/div>\n\t\t<div class=\"has-link thb-client small-6 large-3 columns \" style=\"border-color: #f0f0f0\">\n\t\t\t\t\t<a href=\"#\" target=\"_blank\"><img loading=\"lazy\" decoding=\"async\" width=\"900\" height=\"600\" src=\"data:image\/gif;base64,R0lGODlhAQABAAAAACH5BAEKAAEALAAAAAABAAEAAAICTAEAOw==\" class=\"attachment-full size-full thb-lazyload lazyload\" alt=\"\" sizes=\"auto, (max-width: 900px) 100vw, 900px\" data-src=\"https:\/\/uxflow.cl\/Demos\/wp-content\/uploads\/2025\/05\/aliservice.png\" data-sizes=\"auto\" data-srcset=\"https:\/\/uxflow.cl\/Demos\/wp-content\/uploads\/2025\/05\/aliservice.png 900w, https:\/\/uxflow.cl\/Demos\/wp-content\/uploads\/2025\/05\/aliservice-768x512.png 768w, https:\/\/uxflow.cl\/Demos\/wp-content\/uploads\/2025\/05\/aliservice-640x427.png 640w, https:\/\/uxflow.cl\/Demos\/wp-content\/uploads\/2025\/05\/aliservice-20x13.png 20w, https:\/\/uxflow.cl\/Demos\/wp-content\/uploads\/2025\/05\/aliservice-320x213.png 320w\" \/><\/a>\n\t\t\t<\/div>\n\t\t<div class=\"has-link thb-client small-6 large-3 columns \" style=\"border-color: #f0f0f0\">\n\t\t\t\t\t<a href=\"#\" target=\"_blank\"><img loading=\"lazy\" decoding=\"async\" width=\"900\" height=\"600\" src=\"data:image\/gif;base64,R0lGODlhAQABAAAAACH5BAEKAAEALAAAAAABAAEAAAICTAEAOw==\" class=\"attachment-full size-full thb-lazyload lazyload\" alt=\"\" sizes=\"auto, (max-width: 900px) 100vw, 900px\" data-src=\"https:\/\/uxflow.cl\/Demos\/wp-content\/uploads\/2025\/05\/shp.png\" data-sizes=\"auto\" data-srcset=\"https:\/\/uxflow.cl\/Demos\/wp-content\/uploads\/2025\/05\/shp.png 900w, https:\/\/uxflow.cl\/Demos\/wp-content\/uploads\/2025\/05\/shp-768x512.png 768w, https:\/\/uxflow.cl\/Demos\/wp-content\/uploads\/2025\/05\/shp-640x427.png 640w, https:\/\/uxflow.cl\/Demos\/wp-content\/uploads\/2025\/05\/shp-20x13.png 20w, https:\/\/uxflow.cl\/Demos\/wp-content\/uploads\/2025\/05\/shp-320x213.png 320w\" \/><\/a>\n\t\t\t<\/div>\n\t\t<div class=\"has-link thb-client small-6 large-3 columns \" style=\"border-color: #f0f0f0\">\n\t\t\t\t\t<a href=\"#\" target=\"_blank\"><img loading=\"lazy\" decoding=\"async\" width=\"900\" height=\"600\" src=\"data:image\/gif;base64,R0lGODlhAQABAAAAACH5BAEKAAEALAAAAAABAAEAAAICTAEAOw==\" class=\"attachment-full size-full thb-lazyload lazyload\" alt=\"\" sizes=\"auto, (max-width: 900px) 100vw, 900px\" data-src=\"https:\/\/uxflow.cl\/Demos\/wp-content\/uploads\/2025\/05\/whistle.png\" data-sizes=\"auto\" data-srcset=\"https:\/\/uxflow.cl\/Demos\/wp-content\/uploads\/2025\/05\/whistle.png 900w, https:\/\/uxflow.cl\/Demos\/wp-content\/uploads\/2025\/05\/whistle-768x512.png 768w, https:\/\/uxflow.cl\/Demos\/wp-content\/uploads\/2025\/05\/whistle-640x427.png 640w, https:\/\/uxflow.cl\/Demos\/wp-content\/uploads\/2025\/05\/whistle-20x13.png 20w, https:\/\/uxflow.cl\/Demos\/wp-content\/uploads\/2025\/05\/whistle-320x213.png 320w\" \/><\/a>\n\t\t\t<\/div>\n\t\t<div class=\"has-link thb-client small-6 large-3 columns \" style=\"border-color: #f0f0f0\">\n\t\t\t\t\t<a href=\"#\" target=\"_blank\"><img loading=\"lazy\" decoding=\"async\" width=\"900\" height=\"600\" src=\"data:image\/gif;base64,R0lGODlhAQABAAAAACH5BAEKAAEALAAAAAABAAEAAAICTAEAOw==\" class=\"attachment-full size-full thb-lazyload lazyload\" alt=\"\" sizes=\"auto, (max-width: 900px) 100vw, 900px\" data-src=\"https:\/\/uxflow.cl\/Demos\/wp-content\/uploads\/2025\/05\/sintoniza.png\" data-sizes=\"auto\" data-srcset=\"https:\/\/uxflow.cl\/Demos\/wp-content\/uploads\/2025\/05\/sintoniza.png 900w, https:\/\/uxflow.cl\/Demos\/wp-content\/uploads\/2025\/05\/sintoniza-768x512.png 768w, https:\/\/uxflow.cl\/Demos\/wp-content\/uploads\/2025\/05\/sintoniza-640x427.png 640w, https:\/\/uxflow.cl\/Demos\/wp-content\/uploads\/2025\/05\/sintoniza-20x13.png 20w, https:\/\/uxflow.cl\/Demos\/wp-content\/uploads\/2025\/05\/sintoniza-320x213.png 320w\" \/><\/a>\n\t\t\t<\/div>\n\t\t<div class=\"has-link thb-client small-6 large-3 columns \" style=\"border-color: #f0f0f0\">\n\t\t\t\t\t<a href=\"#\" target=\"_blank\"><img loading=\"lazy\" decoding=\"async\" width=\"900\" height=\"600\" src=\"data:image\/gif;base64,R0lGODlhAQABAAAAACH5BAEKAAEALAAAAAABAAEAAAICTAEAOw==\" class=\"attachment-full size-full thb-lazyload lazyload\" alt=\"\" sizes=\"auto, (max-width: 900px) 100vw, 900px\" data-src=\"https:\/\/uxflow.cl\/Demos\/wp-content\/uploads\/2025\/05\/tn-cooper.png\" data-sizes=\"auto\" data-srcset=\"https:\/\/uxflow.cl\/Demos\/wp-content\/uploads\/2025\/05\/tn-cooper.png 900w, https:\/\/uxflow.cl\/Demos\/wp-content\/uploads\/2025\/05\/tn-cooper-768x512.png 768w, https:\/\/uxflow.cl\/Demos\/wp-content\/uploads\/2025\/05\/tn-cooper-640x427.png 640w, https:\/\/uxflow.cl\/Demos\/wp-content\/uploads\/2025\/05\/tn-cooper-20x13.png 20w, https:\/\/uxflow.cl\/Demos\/wp-content\/uploads\/2025\/05\/tn-cooper-320x213.png 320w\" \/><\/a>\n\t\t\t<\/div>\n\t\t<div class=\"has-link thb-client small-6 large-3 columns \" style=\"border-color: #f0f0f0\">\n\t\t\t\t\t<a href=\"#\" target=\"_blank\"><img loading=\"lazy\" decoding=\"async\" width=\"900\" height=\"600\" src=\"data:image\/gif;base64,R0lGODlhAQABAAAAACH5BAEKAAEALAAAAAABAAEAAAICTAEAOw==\" class=\"attachment-full size-full thb-lazyload lazyload\" alt=\"\" sizes=\"auto, (max-width: 900px) 100vw, 900px\" data-src=\"https:\/\/uxflow.cl\/Demos\/wp-content\/uploads\/2025\/05\/entel.png\" data-sizes=\"auto\" data-srcset=\"https:\/\/uxflow.cl\/Demos\/wp-content\/uploads\/2025\/05\/entel.png 900w, https:\/\/uxflow.cl\/Demos\/wp-content\/uploads\/2025\/05\/entel-768x512.png 768w, https:\/\/uxflow.cl\/Demos\/wp-content\/uploads\/2025\/05\/entel-640x427.png 640w, https:\/\/uxflow.cl\/Demos\/wp-content\/uploads\/2025\/05\/entel-20x13.png 20w, https:\/\/uxflow.cl\/Demos\/wp-content\/uploads\/2025\/05\/entel-320x213.png 320w\" \/><\/a>\n\t\t\t<\/div>\n\t\t\t<\/div>\n\t<\/div>\n\t[\/vc_column][\/vc_row][vc_row thb_full_width=&#8221;true&#8221; thb_divider_position=&#8221;bottom&#8221; css=&#8221;.vc_custom_1474302700327{padding-top: 10vh !important;padding-bottom: 10vh !important;background-color: #fafafa !important;}&#8221; el_class=&#8221;align-center&#8221;][vc_column offset=&#8221;vc_col-lg-7 vc_col-md-9&#8243;]\t<div id=\"thb-testimonials-21\" class=\"thb-testimonials slick style1  \" data-columns=\"1\" data-pagination=\"true\"\n\t\t\t\t\t\t\t\t\t\t\t\t\tdata-fade=\"true\" data-autoplay=\"true\" data-autoplay-speed=\"4000\">\n\t\t\t<div class=\"thb-testimonial\">\n\t\t<blockquote><p>\u201cSi quieres crear una marca desde cero,o evolucionar y transformar la que ya tienes, este es tu producto.<br \/>\nUna amplia gama de recursos, metodolog\u00edas y procesos para transformar tu marca profundamente.\u201d<\/p>\n<\/blockquote>\n\t\t\t\t\t<img decoding=\"async\" class=\"author_image  lazyload\" src=\"data:image\/gif;base64,R0lGODlhAQABAAAAACH5BAEKAAEALAAAAAABAAEAAAICTAEAOw==\" data-src=\"https:\/\/uxflow.cl\/Demos\/wp-content\/uploads\/2016\/09\/testimionial_p1_128-2.jpg\" width=\"128\" height=\"128\" alt=\"testimionial_p1_128\" title=\"testimionial_p1_128\" loading=\"lazy\" \/>\t\t\t<div>\n\t\t\t\t<cite>Felipe Schroth<\/cite>\n\t\t\t<span class=\"title\">Gerente Comercial - Emasa<\/span>\n\t\t\t<\/div>\n\t\t\t<\/div>\n\t\t<div class=\"thb-testimonial\">\n\t\t<blockquote><p>\u201c\u00a1Excelentes partner, con excelente servicio al cliente!\u201d<\/p>\n<\/blockquote>\n\t\t\t\t\t<img decoding=\"async\" class=\"author_image  lazyload\" src=\"data:image\/gif;base64,R0lGODlhAQABAAAAACH5BAEKAAEALAAAAAABAAEAAAICTAEAOw==\" data-src=\"https:\/\/uxflow.cl\/Demos\/wp-content\/uploads\/2016\/09\/t_04-128x128.jpg\" width=\"128\" height=\"128\" alt=\"t_04\" title=\"t_04\" loading=\"lazy\" \/>\t\t\t<div>\n\t\t\t\t<cite>Victoria Maurer<\/cite>\n\t\t\t<span class=\"title\">CMO - Allservice<\/span>\n\t\t\t<\/div>\n\t\t\t<\/div>\n\t\t<div class=\"thb-testimonial\">\n\t\t<blockquote><p>\u201cExcelente aplicaci\u00f3n. \u00a1Recib\u00ed una gu\u00eda muy sencilla y profesional para empezar!\u201d<\/p>\n<\/blockquote>\n\t\t\t\t\t<img decoding=\"async\" class=\"author_image  lazyload\" src=\"data:image\/gif;base64,R0lGODlhAQABAAAAACH5BAEKAAEALAAAAAABAAEAAAICTAEAOw==\" data-src=\"https:\/\/uxflow.cl\/Demos\/wp-content\/uploads\/2016\/09\/t_05-1-128x128.jpg\" width=\"128\" height=\"128\" alt=\"t_05\" title=\"t_05\" loading=\"lazy\" \/>\t\t\t<div>\n\t\t\t\t<cite>Yasmin Afandi<\/cite>\n\t\t\t<span class=\"title\">Gerente Marketingl - Ripley<\/span>\n\t\t\t<\/div>\n\t\t\t<\/div>\n\t\t<\/div>\n\t[\/vc_column][\/vc_row]\n<\/div>","protected":false},"excerpt":{"rendered":"<p>[vc_row thb_divider_position=&#8221;bottom&#8221; el_class=&#8221;align-center&#8221; css=&#8221;.vc_custom_1474306346779{padding-top: 120px !important;padding-bottom: 30px !important;}&#8221;][vc_column offset=&#8221;vc_col-lg-7 vc_col-md-9&#8243;][\/vc_column][\/vc_row][vc_row thb_divider_position=&#8221;bottom&#8221; css=&#8221;.vc_custom_1742378576374{background-image: url(https:\/\/uxflow.cl\/Demos\/wp-content\/uploads\/2025\/03\/barra-agencia.png?id=1252) !important;}&#8221;][vc_column][\/vc_column][\/vc_row][vc_row thb_divider_position=&#8221;bottom&#8221; el_class=&#8221;align-center&#8221; css=&#8221;.vc_custom_1474624365002{padding-top: 4% !important;padding-bottom: 4% !important;}&#8221;][vc_column offset=&#8221;vc_col-lg-7 vc_col-md-9&#8243;][vc_column_text css=&#8221;&#8221;]Colaboramos con las empresas no solo para construir marca, tambi\u00e9n para que su cultura la viva, las sienta y la proyecte. Nuestras metodolog\u00edas son modulares y flexibles, pueden adaptarse a cualquier marca,&hellip;<\/p>\n","protected":false},"author":1,"featured_media":0,"parent":0,"menu_order":0,"comment_status":"closed","ping_status":"closed","template":"","meta":{"pagelayer_contact_templates":[],"_pagelayer_content":"","footnotes":""},"class_list":["post-1032","page","type-page","status-publish","hentry"],"_links":{"self":[{"href":"https:\/\/uxflow.cl\/Demos\/wp-json\/wp\/v2\/pages\/1032","targetHints":{"allow":["GET"]}}],"collection":[{"href":"https:\/\/uxflow.cl\/Demos\/wp-json\/wp\/v2\/pages"}],"about":[{"href":"https:\/\/uxflow.cl\/Demos\/wp-json\/wp\/v2\/types\/page"}],"author":[{"embeddable":true,"href":"https:\/\/uxflow.cl\/Demos\/wp-json\/wp\/v2\/users\/1"}],"replies":[{"embeddable":true,"href":"https:\/\/uxflow.cl\/Demos\/wp-json\/wp\/v2\/comments?post=1032"}],"version-history":[{"count":40,"href":"https:\/\/uxflow.cl\/Demos\/wp-json\/wp\/v2\/pages\/1032\/revisions"}],"predecessor-version":[{"id":1563,"href":"https:\/\/uxflow.cl\/Demos\/wp-json\/wp\/v2\/pages\/1032\/revisions\/1563"}],"wp:attachment":[{"href":"https:\/\/uxflow.cl\/Demos\/wp-json\/wp\/v2\/media?parent=1032"}],"curies":[{"name":"wp","href":"https:\/\/api.w.org\/{rel}","templated":true}]}}